{"id":719,"date":"2023-03-09T10:42:46","date_gmt":"2023-03-09T13:42:46","guid":{"rendered":"https:\/\/cavinatoengenharia.com.br\/?page_id=719"},"modified":"2023-03-09T10:42:46","modified_gmt":"2023-03-09T13:42:46","slug":"politica-de-privacidade","status":"publish","type":"page","link":"https:\/\/cavinatoengenharia.com.br\/index.php\/politica-de-privacidade\/","title":{"rendered":"Pol\u00edtica de Privacidade"},"content":{"rendered":"\n<p>POLITICA DE PRIVACIDADE<br>I. Declara\u00e7\u00e3o<\/p>\n\n\n\n<p>N\u00f3s nos preocupamos com a privacidade de nossos Usu\u00e1rios e temos o compromisso de preserv\u00e1-la. E por meio desta Pol\u00edtica de Privacidade (\u201cPol\u00edtica\u201d) de nossa Plataforma, explicaremos como tratamos os seus dados pessoais e o que faremos para respeitar a sua integridade.<\/p>\n\n\n\n<p>Em qualquer momento, podemos alterar, adicionar ou desenvolver novos servi\u00e7os a serem prestados. Caso a introdu\u00e7\u00e3o desses novos servi\u00e7os ocasionar a mudan\u00e7a na maneira na qual coletamos ou processamos os dados pessoais de nossos usu\u00e1rios, disponibilizaremos mais informa\u00e7\u00f5es e politicas adicionais. Sempre que algum servi\u00e7o novo for acrescentado ou funcionalidades, os mesmos ficar\u00e3o sujeitos \u00e0 esta politica.<\/p>\n\n\n\n<p>Esperamos que compreenda nosso compromisso referente a sua privacidade. Caso queira obter mais informa\u00e7\u00f5es entre em contato conosco. Caso n\u00e3o queira seus dados pessoais sendo analisados e processados por nossa equipe, inclusive os necess\u00e1rios para o fornecimento dos servi\u00e7os, poder\u00e1 optar por n\u00e3o utilizar nossa plataforma, assim se dirigindo a uma de nossas lojas.<\/p>\n\n\n\n<p>II. Direitos e prefer\u00eancias de usu\u00e1rio<\/p>\n\n\n\n<p>Conforme descrito na legisla\u00e7\u00e3o brasileira, \u00e9 garantido aos usu\u00e1rios os seguintes direitos referentes ao tratamento e processamento dos dados pessoais.<\/p>\n\n\n\n<p>Confirma\u00e7\u00e3o da exist\u00eancia de tratamento dos dados pessoais.<br>Acesso aos dados coletados.<br>Corre\u00e7\u00e3o dos dados de usu\u00e1rios, caso estejam incompletos, inexatos ou desatualizados.<br>Portabilidade de seus dados pessoais, atrav\u00e9s da solicita\u00e7\u00e3o expressa pelo usu\u00e1rio.<br>Informa\u00e7\u00e3o sobre a possibilidade de n\u00e3o fornecer seu consentimento, bem como de ser informado das consequ\u00eancias em caso de negativa.<br>Caso seja enviado aos usu\u00e1rios mensagens de publicidade eletr\u00f4nica com base no consentimento ou de forma permitida pela lei aplic\u00e1vel, os usu\u00e1rios poder\u00e3o, em qualquer momento, respectivamente, retirar o consentimento ou declarar que n\u00e3o querem mais receber tais publicidades. As mensagens enviadas aos usu\u00e1rios de nosso site, assim como as que forem enviadas por meio de e-mail, \u00e9 composta por uma ferramenta de recusa dentro da pr\u00f3pria mensagem que enviamos, como por exemplo, um link para que seja efetuado o cancelamento na inscri\u00e7\u00e3o.<\/p>\n\n\n\n<p>Os direitos poder\u00e3o ser exercidos por meios deste site.<\/p>\n\n\n\n<p>Os usu\u00e1rios possuem controle sobre os dados pessoais informados na conta da plataforma, assim \u00e9 poss\u00edvel acess\u00e1-la e alterar os mesmos com o uso de seu login e senha. Os dados de login e senha s\u00e3o individuais e conhecidos apenas pelo usu\u00e1rio e seu respons\u00e1vel legal, caso ocorra a hip\u00f3tese, estes s\u00e3o quem devem zelar pelo sigilo desses dados de acesso.<\/p>\n\n\n\n<p>III. Dados pessoais coletados. Como?<\/p>\n\n\n\n<p>Os dados pessoais dos usu\u00e1rios s\u00e3o coletados das seguintes formas:<\/p>\n\n\n\n<p>Ao se inscrever na plataforma: quando o cadastro ocorre em nosso site\/plataforma, determinados dados s\u00e3o coletados, tais como e-mail, nome, n\u00famero do CPF, telefones, data de nascimento.<br>Ao solicitar execu\u00e7\u00e3o de servi\u00e7os prestados: quando algum dos servi\u00e7os prestados for solicitado ser\u00e3o coletados dados fornecidos pelo usu\u00e1rio como: endere\u00e7o completo com CEP, nome do destinat\u00e1rio e informa\u00e7\u00f5es financeiras (no caso das informa\u00e7\u00f5es financeiras, essas ser\u00e3o coletadas pelas empresas que possuem gatway de pagamento que estiver sendo usadas em conjunto com nossa plataforma\/site, n\u00e3o fica em nossos registros dados de cart\u00e3o de cr\u00e9dito nem banc\u00e1rio de nossos usu\u00e1rios, a n\u00e3o ser quando a escolha do pagamento se der por transfer\u00eancia banc\u00e1ria ou dep\u00f3sito no qual ser\u00e1 necess\u00e1rio o envio do comprovante para que seja feita a conferencia do mesmo).<br>Ao utilizar nossa plataforma\/site: coletaremos dados pessoais de nossos usu\u00e1rios durante a utiliza\u00e7\u00e3o de nossa plataforma\/site de modo autom\u00e1tico e semiautom\u00e1tico.<br>IV. Quais as finalidades para os dados coletados?<\/p>\n\n\n\n<p>Nome completo, idade, n\u00famero de Cadastro de Pessoa F\u00edsica (\u201cCPF\u201d), g\u00eanero, n\u00famero de celular com c\u00f3digo de DDD, n\u00famero de telefone residencial com c\u00f3digo de DDD, n\u00famero de telefone comercial com c\u00f3digo de DDD, endere\u00e7o de e-mail, endere\u00e7o para entrega dos produtos (tipo de resid\u00eancia, logradouro, CEP, bairro, munic\u00edpio e estado), dados banc\u00e1rios necess\u00e1rios para o pagamento.<\/p>\n\n\n\n<p>A coleta desses dados \u00e9 necess\u00e1ria para que o cadastro no site\/plataforma seja poss\u00edvel, bem como sejam executados nossos servi\u00e7os.<\/p>\n\n\n\n<p>Hist\u00f3rico de compras, hist\u00f3rico de navega\u00e7\u00e3o na Plataforma, n\u00famero de Registro Geral (\u201cRG\u201d) com sua data e hora de emiss\u00e3o, ocupa\u00e7\u00e3o com descri\u00e7\u00e3o do cargo de acordo com o IBGE, estado civil, nome da m\u00e3e, nome do pai, nome e Cadastro de Pessoa F\u00edsica (\u201cCPF\u201d) do c\u00f4njuge, endere\u00e7o comercial (tipo de resid\u00eancia, logradouro, CEP, bairro, munic\u00edpio e estado), comprovante de Renda, descri\u00e7\u00e3o do C\u00f3digo de Poder Aquisitivo e valor da renda, c\u00f3digo de empresa cadastrada, entre outros.<\/p>\n\n\n\n<p>Para fornecer, personalizar e melhorar a experi\u00eancia de usu\u00e1rio na plataforma, entre v\u00e1rios outros servi\u00e7os que prestramos, assim como indica\u00e7\u00f5es de produtos ou ofertas de acordo com suas intera\u00e7\u00f5es.<\/p>\n\n\n\n<p>Para que possamos compreender melhor nossos usu\u00e1rios e como utilizam nosso site\/plataforma, assim garantindo a funcionalidade do mesmo e desenvolver novos produtos e servi\u00e7os.<\/p>\n\n\n\n<p>Informa\u00e7\u00f5es sobre as intera\u00e7\u00f5es do Usu\u00e1rio com a Plataforma, incluindo a data e hora do envio de informa\u00e7\u00f5es; Dados de transa\u00e7\u00f5es banc\u00e1rias ou financeiras em geral; Dados t\u00e9cnicos, que poder\u00e3o incluir informa\u00e7\u00f5es de URL, dados de cookies, o endere\u00e7o IP do Usu\u00e1rio, os tipos de dispositivos por este utilizados para acessar \u00e0 Plataforma, identifica\u00e7\u00f5es exclusivas do dispositivo, atributos do dispositivo, tipo de liga\u00e7\u00e3o \u00e0 rede (por exemplo, Wi-Fi, 3G, LTE, Bluetooth) e fornecedor de rede, desempenho da rede e do dispositivo, tipo de navegador, idioma, informa\u00e7\u00f5es que permitam a gest\u00e3o dos direitos digitais, sistema operativo e vers\u00e3o da Plataforma.<\/p>\n\n\n\n<p>Caso aconte\u00e7a algum crime ou ato il\u00edcito na Plataforma, podermos identificar o respons\u00e1vel, em conformidade com o previsto no Marco Civil da Internet, prestar contas aos \u00f3rg\u00e3os de fiscaliza\u00e7\u00e3o tribut\u00e1ria e controle de opera\u00e7\u00f5es financeiras, entre outras obriga\u00e7\u00f5es legais aplic\u00e1veis.<\/p>\n\n\n\n<p>V. Dados coletados ser\u00e3o compartilhados? Com quem?<\/p>\n\n\n\n<p>Sim, para isso temos alguns grupos de destinat\u00e1rios dos dados pessoais ou dos que s\u00e3o coletados automaticamente durante a utiliza\u00e7\u00e3o do site\/plataforma.<\/p>\n\n\n\n<p>Ao efetuar alguma aquisi\u00e7\u00e3o em nossa plataforma\/site, os dados do usu\u00e1rio ser\u00e3o compartilhados com as administradoras de cart\u00f5es de cr\u00e9dito, Lojistas parceiros e empresas de entrega. Esses dados s\u00e3o necess\u00e1rios para que seja efetuada a cobran\u00e7a e computada, para que possamos prosseguir a emitir a Nota Fiscal, e os produtos sejam entregues.<\/p>\n\n\n\n<p>Dados dos usu\u00e1rios e seus hist\u00f3ricos de navega\u00e7\u00f5es poder\u00e3o ser compartilhados com a empresa de marketing contratada por nossa empresa, para que seja poss\u00edvel compartilhar propagandas e ofertas atrav\u00e9s de encaminhamento para os usu\u00e1rios.<\/p>\n\n\n\n<p>Tamb\u00e9m ser\u00e3o compartilhados os dados dos usu\u00e1rios com empresas que prest\u00e3o servi\u00e7o cuidando da seguran\u00e7a e mantimento do site\/plataforma online. Presando sempre pela seguran\u00e7a dessas informa\u00e7\u00f5es.<\/p>\n\n\n\n<p>Caso seja necess\u00e1rio e acreditarmos de boa-f\u00e9, que para o cumprimento de obriga\u00e7\u00e3o legal, nos termo da legisla\u00e7\u00e3o aplic\u00e1vel, ou em caso de processo legal v\u00e1lido, como, uma ordem judicial, intima\u00e7\u00e3o ou mandado de busca, compartilharemos os dados pessoais do usu\u00e1rio.<\/p>\n\n\n\n<p>Tamb\u00e9m ser\u00e3o compartilhados caso necess\u00e1rio para nosso leg\u00edtimo interesse ou de terceiros, sendo ele de boa-f\u00e9, em caso de seguran\u00e7a nacional, cumprimento da lei vigente, investiga\u00e7\u00e3o criminal, preven\u00e7\u00e3o contra fraudes, prote\u00e7\u00e3o a seguran\u00e7a de qualquer indiv\u00edduo ou em casos para evitar a morte eminente ou danos f\u00edsicos a indiv\u00edduos, desde que n\u00e3o prevale\u00e7a sobre o interesse ou direitos das liberdades fundamentais de nossos usu\u00e1rios que exijam a prote\u00e7\u00e3o dos dados pessoais.<\/p>\n\n\n\n<p>Caso ocorra a venda ou negocia\u00e7\u00e3o de nossa empresa, os dados ser\u00e3o compartilhados com o comprador ou poss\u00edvel comprador. Tamb\u00e9m em caso de transa\u00e7\u00f5es ou altera\u00e7\u00f5es societ\u00e1rias que possam vir a envolver nossa empresa, uma hip\u00f3tese em eque as informa\u00e7\u00f5es necess\u00e1rias para a continuidade dos servi\u00e7os e entrega de produtos vendidos.<\/p>\n\n\n\n<p>VI. Como conservamos e eliminamos os dados.<\/p>\n\n\n\n<p>Enquanto for necess\u00e1rio para a presta\u00e7\u00e3o dos servi\u00e7os oferecidos, os dados dos usu\u00e1rios ser\u00e3o armazenados, assim como tamb\u00e9m para manter o desempenho da plataforma\/site. Assim tamb\u00e9m conservaremos os dados para tomada de decis\u00f5es empresariais com base em dados. E alguns dados ser\u00e3o conservados enquanto o usu\u00e1rio se manter usu\u00e1rio da plataforma\/site.<\/p>\n\n\n\n<p>Por meio de solicita\u00e7\u00e3o do usu\u00e1rio, eliminaremos seus dados pessoais de modo que n\u00e3o o identifiquem, exceto em caso legalmente permitido ou obrigat\u00f3rio manter determinados dados pessoais, como por exemplo:<\/p>\n\n\n\n<p>Caso sejamos obrigados a manter os dados pessoais para as nossas obriga\u00e7\u00f5es juridicas, fiscais, de contabilidade ou auditoria, nesses casos reteremos os dados pessoais necess\u00e1rios pelo tempo necess\u00e1rio exigido pela legisla\u00e7\u00e3o aplic\u00e1vel;<br>Sempre que necess\u00e1rio para nossos interesses comerciais, como preven\u00e7\u00e3o contra fraudes ou manter a seguran\u00e7a de nossos usu\u00e1rios<\/p>\n\n\n\n<p>VII. Seguran\u00e7a dos dados pessoais.<\/p>\n\n\n\n<p>Nos preocupamos com a seguran\u00e7a dos dados de nossos usu\u00e1rios. Medidas t\u00e9cnicas s\u00e3o implementadas assim como medidas organizacionais para auxiliar na prote\u00e7\u00e3o e seguran\u00e7a dos dados pessoais de nossos usu\u00e1rios. Assim deixamos listados abaixo as ferramentas e mecanismos que utilizamos para isso.<\/p>\n\n\n\n<p>M\u00e9todos e padr\u00f5es de mercado para criptografar e tornar anonimo os dados coletados, assim como demais formas consideradas padr\u00e3o de encripta\u00e7\u00e3o, para fortalecer a seguran\u00e7a.<br>Bloqueio e prote\u00e7\u00e3o as \u00e1reas do sistema\/site, sendo esses ambientes controlados e de seguran\u00e7a.<br>Os acessos a locais de dados e armazenamento \u00e9 fornecido apenas a pessoas previamente autorizadas, comprometidas ao sigilo de tais dados, inclusive a mesma estando sob assinatura de termo de confidencialidade.<br>A senha protege a conta de nossos usu\u00e1rios, por esse motivo incentivamos que seja utilizados de senhas fortes, que contenham caracteres especiais, n\u00fameros, mai\u00fasculas e minusculas e que se evitem usar palavras ou datas. Tamb\u00e9m incentivamos que seja utilizados equipamentos confi\u00e1veis para o acesso a nossa plataforma\/site, e que se evitem acessos por meio de computadores p\u00fablicos ou compartilhados, e que sempre efetuem o logout ap\u00f3s utilizar nossa plataforma\/site.<\/p>\n\n\n\n<p>VIII. Menores de 18 anos.<\/p>\n\n\n\n<p>Nosso site\/plataforma n\u00e3o se destina a menores de 18 anos. Em nossos termos de uso \u00e9 poss\u00edvel encontrar mais detalhes sobre esse assunto.<\/p>\n\n\n\n<p>N\u00e3o coletamos intencionalmente dados de crian\u00e7as e adolescentes, se o usu\u00e1rio for menor de 18 anos, n\u00e3o dever\u00e1 utilizar nosso site\/plataforma e nem nos fornecer dados pessoais, pois n\u00e3o forneceremos nenhum servi\u00e7o nem produtos.<\/p>\n\n\n\n<p>Caso venhamos a tomar conhecimento de que tenhamos coletados dados pessoais de pessoas menores de 18 anos, tomaremos as medidas razo\u00e1veis para eliminar os dados pessoais em quest\u00e3o. O mesmo poder\u00e1 ocorrer com a conta associada aos dados.<\/p>\n\n\n\n<p>IX. Em caso de altera\u00e7\u00e3o desta Politica de Privacidade<\/p>\n\n\n\n<p>Ocasionalmente podemos efetuar algumas altera\u00e7\u00f5es nesta Politica de Privacidade.<\/p>\n\n\n\n<p>Quando ocorrer tais mudan\u00e7a, faremos uma comunica\u00e7\u00e3o vis\u00edvel e adequado conforme as circunstancias. Poder\u00e1 ser apresentado comunica\u00e7\u00e3o na pr\u00f3pria plataforma\/site ou por envio de e-mails ao cadastro de usu\u00e1rios. Sendo assim, \u00e9 fundamental que nossos usu\u00e1rios fiquem atentos as comunica\u00e7\u00f5es. caso tenha interesse em saber mais sobre nossa politica de privacidade, entre em contato conosco.<\/p>\n","protected":false},"excerpt":{"rendered":"<p>POLITICA DE PRIVACIDADEI. Declara\u00e7\u00e3o N\u00f3s nos preocupamos com a privacidade de nossos Usu\u00e1rios e temos o compromisso de preserv\u00e1-la. E por meio desta Pol\u00edtica de Privacidade (\u201cPol\u00edtica\u201d) de nossa Plataforma, explicaremos como tratamos os seus dados pessoais e o que faremos para respeitar a sua integridade. Em qualquer momento, podemos alterar, adicionar ou desenvolver novos [&hellip;]<\/p>\n","protected":false},"author":1,"featured_media":0,"parent":0,"menu_order":0,"comment_status":"closed","ping_status":"closed","template":"","meta":[],"_links":{"self":[{"href":"https:\/\/cavinatoengenharia.com.br\/index.php\/wp-json\/wp\/v2\/pages\/719"}],"collection":[{"href":"https:\/\/cavinatoengenharia.com.br\/index.php\/wp-json\/wp\/v2\/pages"}],"about":[{"href":"https:\/\/cavinatoengenharia.com.br\/index.php\/wp-json\/wp\/v2\/types\/page"}],"author":[{"embeddable":true,"href":"https:\/\/cavinatoengenharia.com.br\/index.php\/wp-json\/wp\/v2\/users\/1"}],"replies":[{"embeddable":true,"href":"https:\/\/cavinatoengenharia.com.br\/index.php\/wp-json\/wp\/v2\/comments?post=719"}],"version-history":[{"count":1,"href":"https:\/\/cavinatoengenharia.com.br\/index.php\/wp-json\/wp\/v2\/pages\/719\/revisions"}],"predecessor-version":[{"id":720,"href":"https:\/\/cavinatoengenharia.com.br\/index.php\/wp-json\/wp\/v2\/pages\/719\/revisions\/720"}],"wp:attachment":[{"href":"https:\/\/cavinatoengenharia.com.br\/index.php\/wp-json\/wp\/v2\/media?parent=719"}],"curies":[{"name":"wp","href":"https:\/\/api.w.org\/{rel}","templated":true}]}}